{"id":701,"date":"2011-05-20T18:49:43","date_gmt":"2011-05-21T01:49:43","guid":{"rendered":"http:\/\/wpthemetestdata.wordpress.com\/?page_id=701"},"modified":"2025-09-10T09:57:08","modified_gmt":"2025-09-10T07:57:08","slug":"front-page","status":"publish","type":"page","link":"https:\/\/www.libertafinanziaria.eu\/","title":{"rendered":"Libert\u00e0 Finanziaria"},"content":{"rendered":"\t\t<div data-elementor-type=\"wp-page\" data-elementor-id=\"701\" class=\"elementor elementor-701\" data-elementor-post-type=\"page\">\n\t\t\t\t\t\t<section class=\"elementor-section elementor-top-section elementor-element elementor-element-4ac4dc9 elementor-section-boxed elementor-section-height-default elementor-section-height-default\" data-id=\"4ac4dc9\" data-element_type=\"section\" data-e-type=\"section\">\n\t\t\t\t\t\t<div class=\"elementor-container elementor-column-gap-default\">\n\t\t\t\t\t<div class=\"elementor-column elementor-col-100 elementor-top-column elementor-element elementor-element-bea9007\" data-id=\"bea9007\" data-element_type=\"column\" data-e-type=\"column\">\n\t\t\t<div class=\"elementor-widget-wrap elementor-element-populated\">\n\t\t\t\t\t\t<div class=\"elementor-element elementor-element-ba5d293 elementor-widget elementor-widget-image\" data-id=\"ba5d293\" data-element_type=\"widget\" data-e-type=\"widget\" data-widget_type=\"image.default\">\n\t\t\t\t<div class=\"elementor-widget-container\">\n\t\t\t\t\t\t\t\t\t\t\t\t\t\t\t<img fetchpriority=\"high\" decoding=\"async\" width=\"1500\" height=\"1000\" src=\"https:\/\/www.libertafinanziaria.eu\/wp-content\/uploads\/2025\/08\/phone-mockup.png\" class=\"attachment-2048x2048 size-2048x2048 wp-image-2005\" alt=\"\" srcset=\"https:\/\/www.libertafinanziaria.eu\/wp-content\/uploads\/2025\/08\/phone-mockup.png 1500w, https:\/\/www.libertafinanziaria.eu\/wp-content\/uploads\/2025\/08\/phone-mockup-300x200.png 300w, https:\/\/www.libertafinanziaria.eu\/wp-content\/uploads\/2025\/08\/phone-mockup-1024x683.png 1024w, https:\/\/www.libertafinanziaria.eu\/wp-content\/uploads\/2025\/08\/phone-mockup-768x512.png 768w\" sizes=\"(max-width: 1500px) 100vw, 1500px\" \/>\t\t\t\t\t\t\t\t\t\t\t\t\t\t\t<\/div>\n\t\t\t\t<\/div>\n\t\t\t\t<div class=\"elementor-element elementor-element-ecb9dd0 elementor-widget elementor-widget-text-editor\" data-id=\"ecb9dd0\" data-element_type=\"widget\" data-e-type=\"widget\" data-widget_type=\"text-editor.default\">\n\t\t\t\t<div class=\"elementor-widget-container\">\n\t\t\t\t\t\t\t\t\t<h5><span style=\"font-weight: 400;\">Se hai gi\u00e0 un conoscente da segnalarci puoi partire subito in quarta. Dopo aver compilato il form di richiesta infatti potrai ricevere il link per scaricare la nostra APP e registrarti come nostro Segnalatore.<\/span><\/h5><h5><span style=\"font-weight: 400;\">\u00a0<\/span><\/h5><h5><span style=\"font-weight: 400;\">Diventare nostro Segnalatore \u00e8 un\u2019occasione unica per poter incassare senza alzare un dito.<\/span><\/h5><h5><span style=\"font-weight: 400;\">\u00a0<\/span><\/h5><h5><span style=\"font-weight: 400;\">Il patto \u00e8 semplice: tu ci segnali un potenziale cliente a cui hai gi\u00e0 parlato di noi e si \u00e8 dimostrato interessato, noi curiamo tutta la trattativa. Quando il cliente firma il contratto e ci paga, tu riceverai la cifra pattuita.<\/span><\/h5><h5><span style=\"font-weight: 400;\">\u00a0<\/span><\/h5><h5><span style=\"font-weight: 400;\">L\u2019App \u201cLibert\u00e0 Finanziaria\u201d ti aggiorner\u00e0 sull\u2019avanzamento della segnalazione in tempo reale, cos\u00ec sarai sempre aggiornato su quello che succede. Oltre a questo, un \u201cnotaio virtuale\u201d rappresentato dalla Blockchain Ethereum valider\u00e0 ogni segnalazione rendendola trasparente e facendo s\u00ec che sia impossibile che tu non venga pagato.\u00a0<\/span><\/h5><h5><span style=\"font-weight: 400;\">\u00a0<\/span><\/h5><h5><span style=\"font-weight: 400;\">In futuro potrai incassare le tue commissioni non solo in denaro, ma in alternativa potrai scegliere premi come buoni Amazon, buoni spesa, buoni benzina e tanto altro ancora.\u00a0<\/span><\/h5><h5><span style=\"font-weight: 400;\">\u00a0<\/span><\/h5><h5><span style=\"font-weight: 400;\">Ora devi solo iniziare e procedere come segue:<\/span><\/h5><h5><span style=\"font-weight: 400;\">\u00a0<\/span><\/h5><ul><li><h5><span style=\"font-weight: 400;\">Inserisci i tuoi dati in fondo a questa pagina<\/span><\/h5><\/li><li><h5><span style=\"font-weight: 400;\">Ricevi la mail con le istruzioni<\/span><\/h5><\/li><li><h5><span style=\"font-weight: 400;\">Nella mail troverai il link per scaricare la nostra APP<\/span><\/h5><\/li><li><h5><span style=\"font-weight: 400;\">Inizia a mettere in moto la tua rete di contatti<\/span><\/h5><\/li><li><h5><span style=\"font-weight: 400;\">Prenota la tua CALL per conoscerci<\/span><\/h5><\/li><\/ul><h5><span style=\"font-weight: 400;\">Ora vediamo un po\u2019 come puoi fare la tua prima segnalazione.<\/span><\/h5><h5><span style=\"font-weight: 400;\">\u00a0<\/span><\/h5><h5><strong>CHI SEGNALARE<\/strong><\/h5><h5>\u00a0<\/h5><h5><span style=\"font-weight: 400;\">SOGGETTO PRIVATO investitore, meglio se referenziati da consulenti finanziari e da broker assicurativi focalizzati su aspetti finanziari magari con un piano di investimento gi\u00e0 definito a caratteri generali.<\/span><\/h5><h5><span style=\"font-weight: 400;\">AZIENDA con dipendenti da 1 a 50 referenziati da commercialisti e consulenti del lavoro ( accantonamento TFR e TFM o altro )<\/span><\/h5><h5><br \/><br \/><\/h5><h5><strong>COSA SEGNALARE<\/strong><\/h5><h5>\u00a0<\/h5><h5><span style=\"font-weight: 400;\">I\u00a0 piani d\u2019acquisto dell\u2019azienda di cui siamo partner che consentono l\u2019acquisto di metalli preziosi (oro, argento, platino e palladio) fisici da investimento con le migliori garanzie e servizi attualmente presenti sul mercato allo scopo di tutelare e far accrescere potenzialmente i propri risparmi.\u00a0<\/span><\/h5><h5>\u00a0<\/h5><h5><span style=\"font-weight: 400;\">\u00a0<\/span><\/h5><h5><strong>COME SEGNALARE<\/strong><\/h5><h5>\u00a0<\/h5><h5><span style=\"font-weight: 400;\">Collaboro con una azienda partner tra le altre, anche di un Centro Studi e Ricerca, che ti permette di capire come poter tutelare e far accrescere potenzialmente i tuoi risparmi di una vita. Pensa che loro, sono stati gli unici in Italia ad aver effettuato una Ricerca Aurea Internazionale che rinnovano ogni 2 anni, solo per capire con indici analitici ed analisi approfondite qual \u00e8 la migliore azienda per poter acquistare metalli preziosi (oro, argento, platino e palladio) fisici da investimento aventi le migliori certificazioni, garanzie e servizi attualmente sul mercato. Sai\u2026 a volte bastano poche informazioni chiave mettere in campo qualcosa di veramente potente. Se mi dai l\u2019ok ti far\u00f2 contattare da un loro consulente per una valutazione gratuita senza alcun impegno.<\/span><\/h5><h5>\u00a0<\/h5><h5><span style=\"font-weight: 400;\">Effettua la segnalazione all\u2019interno dell\u2019APP e resta aggiornato sull\u2019andamento della trattativa, fino a quando ti chiameremo per venire a ritirare la tua provvigione.<\/span><\/h5>\t\t\t\t\t\t\t\t<\/div>\n\t\t\t\t<\/div>\n\t\t\t\t<div class=\"elementor-element elementor-element-88b4b89 elementor-widget elementor-widget-text-editor\" data-id=\"88b4b89\" data-element_type=\"widget\" data-e-type=\"widget\" data-widget_type=\"text-editor.default\">\n\t\t\t\t<div class=\"elementor-widget-container\">\n\t\t\t\t\t\t\t\t\t<p><em>Per lavorare come segnalatore non serve una partita IVA, quindi puoi farlo occasionalmente anche come privato. Superati i 5000 \u20ac di provvigioni incassate dovrai aprirti la tua partita IVA.<\/em><\/p>\t\t\t\t\t\t\t\t<\/div>\n\t\t\t\t<\/div>\n\t\t\t\t\t<\/div>\n\t\t<\/div>\n\t\t\t\t\t<\/div>\n\t\t<\/section>\n\t\t\t\t<section class=\"elementor-section elementor-top-section elementor-element elementor-element-942d24b elementor-section-boxed elementor-section-height-default elementor-section-height-default\" data-id=\"942d24b\" data-element_type=\"section\" data-e-type=\"section\" data-settings=\"{&quot;background_background&quot;:&quot;classic&quot;}\">\n\t\t\t\t\t\t<div class=\"elementor-container elementor-column-gap-default\">\n\t\t\t\t\t<div class=\"elementor-column elementor-col-100 elementor-top-column elementor-element elementor-element-e85f19e\" data-id=\"e85f19e\" data-element_type=\"column\" data-e-type=\"column\">\n\t\t\t<div class=\"elementor-widget-wrap elementor-element-populated\">\n\t\t\t\t\t\t<div class=\"elementor-element elementor-element-03c386f elementor-widget elementor-widget-heading\" data-id=\"03c386f\" data-element_type=\"widget\" data-e-type=\"widget\" data-widget_type=\"heading.default\">\n\t\t\t\t<div class=\"elementor-widget-container\">\n\t\t\t\t\t<h4 class=\"elementor-heading-title elementor-size-default\">Se vuoi entrare nel nostro CLUB, guadagnare oltre \u20ac400 a referenza, il primo passo \u00e8 farci sapere che sei interessato e a conoscerci meglio.\n\n\nCompila il form qui sotto, riceverai una mail con tutte le informazioni, il link dell'APP e sarai contattato nei prossimi giorni dal nostro Referral Director<\/h4>\t\t\t\t<\/div>\n\t\t\t\t<\/div>\n\t\t\t\t<div class=\"elementor-element elementor-element-f1e498e elementor-widget elementor-widget-html\" data-id=\"f1e498e\" data-element_type=\"widget\" data-e-type=\"widget\" data-widget_type=\"html.default\">\n\t\t\t\t<div class=\"elementor-widget-container\">\n\t\t\t\t\t\n                    <link rel=\"stylesheet\" href=\"https:\/\/cdn.jsdelivr.net\/npm\/sweetalert2@11\/dist\/sweetalert2.min.css\">\n                <form id=\"ref_form\" method=\"post\" action=\"https:\/\/app2.yourappconsole.com\/migareference\/public_optinlanding\/subscribev3\" target=\"_blank\" style=\"border: 3px solid #f1f1f1;font-family: Arial;\">\n                    <div style=\"padding: 20px;background-color:white;\">\n                        <small style=\"error-text\" class=\"error-message\" id=\"exception-error\"><\/small>\n                        <p>Nome *<\/p>\n                        <input style=\"width: 100%;padding: 12px; margin: 8px 0;display: inline-block;border: 1px solid #ccc;box-sizing: border-box;\" type=\"text\" name=\"firstname\"required>\n                        <small style=\"error-text\" class=\"error-message\" id=\"firstname-error\"><\/small>\n                        <p>Cognome *<\/p>\n                        <input style=\"width: 100%;padding: 12px; margin: 8px 0;display: inline-block;border: 1px solid #ccc;box-sizing: border-box;\" type=\"text\" name=\"lastname\"required>\n                        <small style=\"error-text\" class=\"error-message\" id=\"lastname-error\"><\/small>\n                        <p>Indirizzo Email *<\/p>\n                        <input style=\"width: 100%;padding: 12px; margin: 8px 0;display: inline-block;border: 1px solid #ccc;box-sizing: border-box;\" type=\"email\" name=\"email\" required>\n                        <small style=\"error-text\" class=\"error-message\" id=\"email-error\"><\/small>\n                        <p>Cellulare *<\/p>\n                        <input style=\"height:46px; width: 100%;padding: 12px; margin: 8px 0;display: inline-block;border: 1px solid #ccc;box-sizing: border-box;\" type=\"text\" value=\"+39\" name=\"mobile\" required>\n                        <small style=\"error-text\" class=\"error-message\" id=\"mobile-error\"><\/small>\n\t\t\t\t\t\t                        <p>Data Nascita *<\/p>\n                        <input style=\"height:46px; width: 100%;padding: 12px; margin: 8px 0;display: inline-block;border: 1px solid #ccc;box-sizing: border-box;\" type=\"date\"  name=\"birthdate\" required>\n                        <small style=\"error-text\" class=\"error-message\" id=\"birthdate-error\"><\/small>\n                        <p class=\"\">Seleziona Professione *<\/p>\n                        <select id=\"job_id\" class=\"\" name=\"job_id\" style=\"display:none;width: 100%;height:46px;padding: 12px; margin: 8px 0;display: inline-block;border: 1px solid #ccc;box-sizing: border-box;\">                                                \n                        <\/select>\n                        <small style=\"error-text\" class=\"error-message\" id=\"job_id-error\"><\/small>\n                        <p class=\"\">Seleziona Settore *<\/p>\n                        <select id=\"profession_id\" class=\"\" name=\"profession_id\" style=\"display:none;width: 100%;height:46px;padding: 12px; margin: 8px 0;display: inline-block;border: 1px solid #ccc;box-sizing: border-box;\">                                                \n                        <\/select>\n                        <small style=\"error-text\" class=\"error-message\" id=\"profession_id-error\"><\/small>\n                        <p class=\"sponsor_list\">Chi ti ha invitato ad essere Segnalatore? *<\/p>\n                        <select id=\"sponsor_id\" class=\"sponsor_list\" name=\"sponsor_id\" style=\"display:none;width: 100%;height:46px;padding: 12px; margin: 8px 0;display: inline-block;border: 1px solid #ccc;box-sizing: border-box;\">                                                \n                        <\/select>\n                        <small style=\"error-text\" class=\"error-message\" id=\"sponsor_id-error\"><\/small>\n                        <p class=\"province_list\">Provincia di Residenza *<\/p>\n                        <select id=\"province_id\" class=\"province_list\" name=\"province_id\" style=\"display:none;width: 100%;height:46px;padding: 12px; margin: 8px 0;display: inline-block;border: 1px solid #ccc;box-sizing: border-box;\">                                                \n                        <\/select>\n                        <small style=\"error-text\" class=\"error-message\" id=\"province_id-error\"><\/small>\n                        <input type=\"hidden\" name=\"app_id\" value=\"278\">\n                        <input type=\"hidden\" name=\"value_id\" value=\"6535\">                        \n                        <input type=\"hidden\" id=\"sponsord_by\" name=\"sponsord_by\" value=\"\">\n                        <br>\n                        <br>\n                        <label>\n                        <input  name=\"privacy\" type=\"checkbox\" required>\n                        <small style=\"error-text\" class=\"error-message\" id=\"privacy-error\"><\/small>\n                        <span><\/span>                         \n                        <a href=\"https:\/\/app2.yourappconsole.com\/application\/privacypolicy\/index\/id\/686670e6a484b\" target=\"_blank\" > Accetto la Informativa Privacy <\/a>                        \n                        <\/label>\n                        <label>\n                        <br>\n                        <br>\n                        <input  name=\"consent\" type=\"checkbox\" checked=\"checked\" required> \n                        <small style=\"error-text\" class=\"error-message\" id=\"consent-error\"><\/small>\n                        <a href=\"https:\/\/app2.yourappconsole.com\/application\/privacypolicy\/index\/id\/686670e6a484b\" target=\"_blank\" > Consenso per essere richiamato <\/a>                        \n                        <\/label>\n\t\t\t\t\t\t                          \n                        <br>\n                        <br>\n                        <small style=\"error-text\" class=\"error-message\" id=\"captcha-error\"><\/small>\n                        <p>Enter the SUM of the numbers shown in image <\/p>\n                        <div id=\"captcha_cotainer\">            \n                        <div>\n                        <span id=\"c-img-con\" style=\"float:left;\"><\/span>\n                        <input style=\"padding: 12px; display: inline-block;border: 1px solid #ccc;box-sizing: border-box;\" type=\"text\" name=\"c_img_fi\"required>\n                        <\/div>\n                        <\/div>                        \n                        <input id='track_id' type=\"hidden\" name=\"track_id\" value=\"\">\n                    <\/div>\n                    <div style=\"padding: 20px;background-color: #f1f1f1;text-align: center;\">\n                        <button class = \"subscription_button g-recaptcha\"  style=\"width: 100%;padding: 12px; margin: 8px 0;cursor:pointer;display: inline-block;border: 1px solid #ccc;box-sizing: border-box;background-color: #000000;color: #ffffff;border: none;\" data-sitekey=\"6LdMEUApAAAAAJcxL4F-rbULHjFebG8xOS707wUA\" \n                    data-callback='onSubmit' \n                    data-action='submit'>SI! Voglio candidarmi<\/button>\n                    <\/div>\n                <\/form>\n                <div id=\"loader\" style=\"display:none; position: fixed; left: 0; top: 0; width: 100%; height: 100%; z-index: 9999; background: rgba(255,255,255,0.8) url('https:\/\/app2.yourappconsole.com\/app\/local\/modules\/Migareference\/resources\/appicons\/loader.gif') 50% 50% no-repeat;\"><\/div>\n                \n                <script\n                src=\"https:\/\/cdn.jsdelivr.net\/npm\/sweetalert2@11\">\n                <\/script>\n                <script\n                src=\"https:\/\/ajax.googleapis.com\/ajax\/libs\/jquery\/3.6.0\/jquery.min.js\">\n                <\/script>\n                <script\n                src=\"https:\/\/www.google.com\/recaptcha\/api.js\">\n                <\/script>\n                <style>\n                .error-message{\n                    color: red;\n                    font-size: 12px;\n                }\n                <\/style>\n                <script>\n                function onSubmit(token) {\n                    submitForm();\n                }\n                function submitForm() {\n                    $(\"#loader\").show();\n                    $.ajax({\n                        url: $('#ref_form').attr('action'),\n                        type: 'POST',\n                        dataType: 'json',\n                        data: $('#ref_form').serialize(),\n                        success: function(response) {\n                            $('.error-message').html(''); \/\/ Clear any previous error messages\n                            $(\"#loader\").hide();\n                            if (response.success) {\n                                if (response.is_redirect) {\n                                    \/\/ Redirect to the provided URL and close the current window\n                                    window.open(response.redirect_url, '_blank');\n                                    window.close();\n                                } else {\n                                    \/\/ Show SweetAlert success message\n                                    Swal.fire({\n                                        icon: 'success',\n                                        title: response.success_title,\n                                        text: response.success_message\n                                    }).then(() => {\n                                        document.getElementById('ref_form').reset(); \/\/ Reset the form\n                                    });\n                                }\n                            } else {\n                                window.scrollTo({ top: 0, behavior: 'smooth' });\n                                displayErrors(response.errors);\n                            }\n                        },\n                        error: function() {\n                            $(\"#loader\").hide();\n                            alert('An error occurred. Please try again.');\n                        }\n                    });\n                }\n\n                function displayErrors(errors) {                                \n                    for (let key in errors) {\n                        if (errors.hasOwnProperty(key)) {                    \n                            $('#' + key + '-error').html(errors[key]);\n                        }\n                    }\n                }\n                  loadSettings();\n                    function loadSettings() {\n                    $.ajax({\n                            url: 'https:\/\/app2.yourappconsole.com\/migareference\/public_optinlanding\/loadsettings',\n                            type: 'POST',\n                            dataType: 'json',\n                            data: {app_id: 278}\n                        })\n                        .done(function(data) {\n                           $(\"#sponsor_id\").html(\"\").append(data.agent_option);\n                           $(\"#province_id\").html(\"\").append(data.province_list);\n                           $(\"#job_id\").html(\"\").append(data.job_list);\n                           $(\"#profession_id\").html(\"\").append(data.profession_list);\n                           $(\"#profession_id\").html(\"\").append(data.profession_list);\n                           $(\"#c-img-con\").html(\"\").append(data.c_img);\n                           $(\"#track_id\").val(data.track_id);\n\t\t\t\t\t\t                              $(\".sponsor_list\").css(\"display\", data.sponsor_display);\n                           $(\".province_list\").css(\"display\", data.province_display);\n\t\t\t\t\t\t    \n                           const urlParams = new URLSearchParams(window.location.search);                               \n                           $(\"#sponsord_by\").val(urlParams.get('agval'));\n                        });\n                    }\n                <\/script>\n                \t\t\t\t<\/div>\n\t\t\t\t<\/div>\n\t\t\t\t\t<\/div>\n\t\t<\/div>\n\t\t\t\t\t<\/div>\n\t\t<\/section>\n\t\t\t\t<section class=\"elementor-section elementor-top-section elementor-element elementor-element-13c00b9 elementor-section-boxed elementor-section-height-default elementor-section-height-default\" data-id=\"13c00b9\" data-element_type=\"section\" data-e-type=\"section\">\n\t\t\t\t\t\t<div class=\"elementor-container elementor-column-gap-default\">\n\t\t\t\t\t<div class=\"elementor-column elementor-col-100 elementor-top-column elementor-element elementor-element-4152e34\" data-id=\"4152e34\" data-element_type=\"column\" data-e-type=\"column\">\n\t\t\t<div class=\"elementor-widget-wrap elementor-element-populated\">\n\t\t\t\t\t\t<div class=\"elementor-element elementor-element-2bd7f14 elementor-widget elementor-widget-text-editor\" data-id=\"2bd7f14\" data-element_type=\"widget\" data-e-type=\"widget\" data-widget_type=\"text-editor.default\">\n\t\t\t\t<div class=\"elementor-widget-container\">\n\t\t\t\t\t\t\t\t\t<p style=\"text-align: center;\"><strong>AUREA SOCIETA&#8217; A<\/strong><br \/><strong>RESPONSABILITA&#8217; LIMITATA<\/strong><br \/><strong>SEMPLIFICATA<\/strong><\/p><p style=\"text-align: center;\">Via Stazione, 21 &#8211; 37069 Villafranca di Verona (VR)<\/p><p style=\"text-align: center;\">P.IVA 05000690239<\/p>\t\t\t\t\t\t\t\t<\/div>\n\t\t\t\t<\/div>\n\t\t\t\t\t<\/div>\n\t\t<\/div>\n\t\t\t\t\t<\/div>\n\t\t<\/section>\n\t\t\t\t<section class=\"elementor-section elementor-top-section elementor-element elementor-element-2748f2f elementor-section-boxed elementor-section-height-default elementor-section-height-default\" data-id=\"2748f2f\" data-element_type=\"section\" data-e-type=\"section\">\n\t\t\t\t\t\t<div class=\"elementor-container elementor-column-gap-default\">\n\t\t\t\t\t<div class=\"elementor-column elementor-col-100 elementor-top-column elementor-element elementor-element-4be0a88\" data-id=\"4be0a88\" data-element_type=\"column\" data-e-type=\"column\">\n\t\t\t<div class=\"elementor-widget-wrap elementor-element-populated\">\n\t\t\t\t\t\t<div class=\"elementor-element elementor-element-5e6dce6 elementor-widget elementor-widget-text-editor\" data-id=\"5e6dce6\" data-element_type=\"widget\" data-e-type=\"widget\" data-widget_type=\"text-editor.default\">\n\t\t\t\t<div class=\"elementor-widget-container\">\n\t\t\t\t\t\t\t\t\t<p style=\"text-align: center;\"><em>Questo servizio \u00e8 stato realizzato grazie a www.segnalazionevincente.com<\/em><\/p>\t\t\t\t\t\t\t\t<\/div>\n\t\t\t\t<\/div>\n\t\t\t\t\t<\/div>\n\t\t<\/div>\n\t\t\t\t\t<\/div>\n\t\t<\/section>\n\t\t\t\t<\/div>\n\t\t","protected":false},"excerpt":{"rendered":"<p>Se hai gi\u00e0 un conoscente da segnalarci puoi partire subito in quarta. Dopo aver compilato il form di richiesta infatti potrai ricevere il link per scaricare la nostra APP e registrarti come nostro Segnalatore. \u00a0<\/p>\n","protected":false},"author":1,"featured_media":0,"parent":0,"menu_order":0,"comment_status":"open","ping_status":"closed","template":"","meta":{"footnotes":""},"class_list":["post-701","page","type-page","status-publish","hentry"],"_links":{"self":[{"href":"https:\/\/www.libertafinanziaria.eu\/index.php?rest_route=\/wp\/v2\/pages\/701","targetHints":{"allow":["GET"]}}],"collection":[{"href":"https:\/\/www.libertafinanziaria.eu\/index.php?rest_route=\/wp\/v2\/pages"}],"about":[{"href":"https:\/\/www.libertafinanziaria.eu\/index.php?rest_route=\/wp\/v2\/types\/page"}],"author":[{"embeddable":true,"href":"https:\/\/www.libertafinanziaria.eu\/index.php?rest_route=\/wp\/v2\/users\/1"}],"replies":[{"embeddable":true,"href":"https:\/\/www.libertafinanziaria.eu\/index.php?rest_route=%2Fwp%2Fv2%2Fcomments&post=701"}],"version-history":[{"count":0,"href":"https:\/\/www.libertafinanziaria.eu\/index.php?rest_route=\/wp\/v2\/pages\/701\/revisions"}],"wp:attachment":[{"href":"https:\/\/www.libertafinanziaria.eu\/index.php?rest_route=%2Fwp%2Fv2%2Fmedia&parent=701"}],"curies":[{"name":"wp","href":"https:\/\/api.w.org\/{rel}","templated":true}]}}